{"id":6,"date":"2021-09-29T23:11:07","date_gmt":"2021-09-29T21:11:07","guid":{"rendered":"http:\/\/tidebel.cluster031.hosting.ovh.net\/?page_id=6"},"modified":"2021-11-07T22:10:50","modified_gmt":"2021-11-07T21:10:50","slug":"le-nouveau-e-mucem-ouvre-ses-portes-2","status":"publish","type":"page","link":"http:\/\/multiaccueil-lespetitsdauphins.fr\/","title":{"rendered":"Accueil"},"content":{"rendered":"\n<h2 class=\"has-text-align-center\">Situ\u00e9e sur la commune de Porspoder, dans la maison de l&rsquo;enfance, la structure accueille 24 enfants ag\u00e9s de 2 mois \u00e0 3 ans habitant les communes de Br\u00e9l\u00e8s, Landunvez, Lanildut, Plourin et Porspoder.<\/h2>\n\n\n\n<hr class=\"wp-block-separator\"\/>\n\n\n\n<div class=\"wp-block-columns\">\n<div class=\"wp-block-column test-effet\" style=\"flex-basis:33.33%\">\n<figure class=\"wp-block-image size-full is-style-default\"><img loading=\"lazy\" width=\"2560\" height=\"1431\" src=\"http:\/\/tidebel.cluster031.hosting.ovh.net\/wp-content\/uploads\/2021\/10\/20210106_082356-edited-scaled.jpg\" alt=\"\" class=\"wp-image-51\" srcset=\"http:\/\/multiaccueil-lespetitsdauphins.fr\/wp-content\/uploads\/2021\/10\/20210106_082356-edited-scaled.jpg 2560w, http:\/\/multiaccueil-lespetitsdauphins.fr\/wp-content\/uploads\/2021\/10\/20210106_082356-edited-300x168.jpg 300w, http:\/\/multiaccueil-lespetitsdauphins.fr\/wp-content\/uploads\/2021\/10\/20210106_082356-edited-1024x572.jpg 1024w, http:\/\/multiaccueil-lespetitsdauphins.fr\/wp-content\/uploads\/2021\/10\/20210106_082356-edited-768x429.jpg 768w, http:\/\/multiaccueil-lespetitsdauphins.fr\/wp-content\/uploads\/2021\/10\/20210106_082356-edited-1536x859.jpg 1536w, http:\/\/multiaccueil-lespetitsdauphins.fr\/wp-content\/uploads\/2021\/10\/20210106_082356-edited-2048x1145.jpg 2048w\" sizes=\"(max-width: 2560px) 100vw, 2560px\" \/><\/figure>\n\n\n\n<h2>LA STRUCTURE<\/h2>\n\n\n\n<p>Salle de motricit\u00e9, pi\u00e8ce de vie, chambres&#8230; d\u00e9couvrez les locaux !<\/p>\n\n\n\n<div class=\"wp-block-buttons is-content-justification-center\">\n<div class=\"wp-block-button\"><a class=\"wp-block-button__link\" href=\"http:\/\/multiaccueil-lespetitsdauphins.fr\/index.php\/a-propos-de\/\">Lire la suite<\/a><\/div>\n<\/div>\n<\/div>\n\n\n\n<div class=\"wp-block-column test-effet\" style=\"flex-basis:33.33%\">\n<figure class=\"wp-block-image size-full is-style-default\"><img loading=\"lazy\" width=\"2560\" height=\"1442\" src=\"http:\/\/tidebel.cluster031.hosting.ovh.net\/wp-content\/uploads\/2021\/10\/20201202_150125-edited-1-scaled.jpg\" alt=\"\" class=\"wp-image-50\" srcset=\"http:\/\/multiaccueil-lespetitsdauphins.fr\/wp-content\/uploads\/2021\/10\/20201202_150125-edited-1-scaled.jpg 2560w, http:\/\/multiaccueil-lespetitsdauphins.fr\/wp-content\/uploads\/2021\/10\/20201202_150125-edited-1-300x169.jpg 300w, http:\/\/multiaccueil-lespetitsdauphins.fr\/wp-content\/uploads\/2021\/10\/20201202_150125-edited-1-1024x577.jpg 1024w, http:\/\/multiaccueil-lespetitsdauphins.fr\/wp-content\/uploads\/2021\/10\/20201202_150125-edited-1-768x433.jpg 768w, http:\/\/multiaccueil-lespetitsdauphins.fr\/wp-content\/uploads\/2021\/10\/20201202_150125-edited-1-1536x865.jpg 1536w, http:\/\/multiaccueil-lespetitsdauphins.fr\/wp-content\/uploads\/2021\/10\/20201202_150125-edited-1-2048x1154.jpg 2048w, http:\/\/multiaccueil-lespetitsdauphins.fr\/wp-content\/uploads\/2021\/10\/20201202_150125-edited-1-920x518.jpg 920w\" sizes=\"(max-width: 2560px) 100vw, 2560px\" \/><\/figure>\n\n\n\n<h2>L&rsquo;EQUIPE<\/h2>\n\n\n\n<p>Une dizaine de professionnelles de la petite enfance aux cot\u00e9s de vos enfants  <\/p>\n\n\n\n<div class=\"wp-block-buttons is-content-justification-center\">\n<div class=\"wp-block-button\"><a class=\"wp-block-button__link\" href=\"http:\/\/multiaccueil-lespetitsdauphins.fr\/index.php\/lequipe\/\">lire la suite<\/a><\/div>\n<\/div>\n<\/div>\n\n\n\n<div class=\"wp-block-column test-effet\" style=\"flex-basis:33.33%\">\n<figure class=\"wp-block-image size-full is-style-default\"><img loading=\"lazy\" width=\"2560\" height=\"1440\" src=\"http:\/\/tidebel.cluster031.hosting.ovh.net\/wp-content\/uploads\/2021\/10\/20210312_104607-edited-scaled-e1633983226221.jpg\" alt=\"\" class=\"wp-image-201\" srcset=\"http:\/\/multiaccueil-lespetitsdauphins.fr\/wp-content\/uploads\/2021\/10\/20210312_104607-edited-scaled-e1633983226221.jpg 2560w, http:\/\/multiaccueil-lespetitsdauphins.fr\/wp-content\/uploads\/2021\/10\/20210312_104607-edited-scaled-e1633983226221-300x169.jpg 300w, http:\/\/multiaccueil-lespetitsdauphins.fr\/wp-content\/uploads\/2021\/10\/20210312_104607-edited-scaled-e1633983226221-1024x576.jpg 1024w, http:\/\/multiaccueil-lespetitsdauphins.fr\/wp-content\/uploads\/2021\/10\/20210312_104607-edited-scaled-e1633983226221-768x432.jpg 768w, http:\/\/multiaccueil-lespetitsdauphins.fr\/wp-content\/uploads\/2021\/10\/20210312_104607-edited-scaled-e1633983226221-1536x864.jpg 1536w, http:\/\/multiaccueil-lespetitsdauphins.fr\/wp-content\/uploads\/2021\/10\/20210312_104607-edited-scaled-e1633983226221-2048x1152.jpg 2048w, http:\/\/multiaccueil-lespetitsdauphins.fr\/wp-content\/uploads\/2021\/10\/20210312_104607-edited-scaled-e1633983226221-1920x1080.jpg 1920w, http:\/\/multiaccueil-lespetitsdauphins.fr\/wp-content\/uploads\/2021\/10\/20210312_104607-edited-scaled-e1633983226221-920x518.jpg 920w\" sizes=\"(max-width: 2560px) 100vw, 2560px\" \/><\/figure>\n\n\n\n<h2>LE PROJET d&rsquo;etablissement<\/h2>\n\n\n\n<p>Retrouvez le projet social, le projet p\u00e9dagogique et le projet \u00e9ducatif<\/p>\n\n\n\n<div class=\"wp-block-buttons is-content-justification-center\">\n<div class=\"wp-block-button\"><a class=\"wp-block-button__link\" href=\"http:\/\/multiaccueil-lespetitsdauphins.fr\/index.php\/le-projet\/\">Lire la suite<\/a><\/div>\n<\/div>\n<\/div>\n<\/div>\n\n\n\n<p><\/p>\n","protected":false},"excerpt":{"rendered":"<p>Situ\u00e9e sur la commune de Porspoder, dans la maison de l&rsquo;enfance, la structure accueille 24 enfants ag\u00e9s de 2 mois &hellip; <a href=\"http:\/\/multiaccueil-lespetitsdauphins.fr\/\" class=\"more-link\"><span class=\"more-button\">Lire la suite<span class=\"screen-reader-text\">Accueil<\/span><\/span><\/a><\/p>\n","protected":false},"author":1,"featured_media":0,"parent":0,"menu_order":0,"comment_status":"closed","ping_status":"closed","template":"","meta":[],"_links":{"self":[{"href":"http:\/\/multiaccueil-lespetitsdauphins.fr\/index.php\/wp-json\/wp\/v2\/pages\/6"}],"collection":[{"href":"http:\/\/multiaccueil-lespetitsdauphins.fr\/index.php\/wp-json\/wp\/v2\/pages"}],"about":[{"href":"http:\/\/multiaccueil-lespetitsdauphins.fr\/index.php\/wp-json\/wp\/v2\/types\/page"}],"author":[{"embeddable":true,"href":"http:\/\/multiaccueil-lespetitsdauphins.fr\/index.php\/wp-json\/wp\/v2\/users\/1"}],"replies":[{"embeddable":true,"href":"http:\/\/multiaccueil-lespetitsdauphins.fr\/index.php\/wp-json\/wp\/v2\/comments?post=6"}],"version-history":[{"count":34,"href":"http:\/\/multiaccueil-lespetitsdauphins.fr\/index.php\/wp-json\/wp\/v2\/pages\/6\/revisions"}],"predecessor-version":[{"id":333,"href":"http:\/\/multiaccueil-lespetitsdauphins.fr\/index.php\/wp-json\/wp\/v2\/pages\/6\/revisions\/333"}],"wp:attachment":[{"href":"http:\/\/multiaccueil-lespetitsdauphins.fr\/index.php\/wp-json\/wp\/v2\/media?parent=6"}],"curies":[{"name":"wp","href":"https:\/\/api.w.org\/{rel}","templated":true}]}}