{"id":94,"date":"2021-10-04T22:13:56","date_gmt":"2021-10-04T20:13:56","guid":{"rendered":"http:\/\/tidebel.cluster031.hosting.ovh.net\/?page_id=94"},"modified":"2023-08-28T16:12:27","modified_gmt":"2023-08-28T14:12:27","slug":"infos-pratiques","status":"publish","type":"page","link":"http:\/\/multiaccueil-lespetitsdauphins.fr\/index.php\/infos-pratiques\/","title":{"rendered":"Infos pratiques"},"content":{"rendered":"\n<p>Vous trouverez ci-dessous les documents suivants en t\u00e9l\u00e9chargement :<\/p>\n\n\n\n<div class=\"wp-block-columns\">\n<div class=\"wp-block-column\" style=\"flex-basis:30px\"><\/div>\n\n\n\n<div class=\"wp-block-column\">\n<p><a rel=\"noreferrer noopener\" href=\"http:\/\/multiaccueil-lespetitsdauphins.fr\/wp-content\/uploads\/2021\/10\/REGLEMENT-PETITS-DAUPHINS-2021.pdf\" target=\"_blank\">R\u00e8glement de fonctionnement (version 2021)<\/a><br><br><a rel=\"noreferrer noopener\" href=\"http:\/\/multiaccueil-lespetitsdauphins.fr\/wp-content\/uploads\/2021\/10\/Fermetures-creche-2021.pdf\" target=\"_blank\">Dates de fermeture de la structure (version 2021)<\/a><br><br><a rel=\"noreferrer noopener\" href=\"http:\/\/multiaccueil-lespetitsdauphins.fr\/wp-content\/uploads\/2021\/10\/DEMANDE-DE-PRE-INSCRIPTION-2021.pdf\" target=\"_blank\">Formulaire de pr\u00e9-inscription (version 2023)<\/a><br><br><a rel=\"noreferrer noopener\" href=\"http:\/\/multiaccueil-lespetitsdauphins.fr\/wp-content\/uploads\/2021\/10\/Liste-documents-a-fournir-pour-inscrition-enfant-2021.pdf\" target=\"_blank\">Conditions d\u2019admission et documents \u00e0 fournir lors de l\u2019inscription (version 2023)<\/a><\/p>\n<\/div>\n<\/div>\n\n\n\n<p><\/p>\n","protected":false},"excerpt":{"rendered":"<p>Vous trouverez ci-dessous les documents suivants en t\u00e9l\u00e9chargement : R\u00e8glement de fonctionnement (version 2021) Dates de fermeture de la structure &hellip; <a href=\"http:\/\/multiaccueil-lespetitsdauphins.fr\/index.php\/infos-pratiques\/\" class=\"more-link\"><span class=\"more-button\">Lire la suite<span class=\"screen-reader-text\">Infos pratiques<\/span><\/span><\/a><\/p>\n","protected":false},"author":1,"featured_media":0,"parent":0,"menu_order":0,"comment_status":"closed","ping_status":"closed","template":"templates\/full-width-page.php","meta":[],"_links":{"self":[{"href":"http:\/\/multiaccueil-lespetitsdauphins.fr\/index.php\/wp-json\/wp\/v2\/pages\/94"}],"collection":[{"href":"http:\/\/multiaccueil-lespetitsdauphins.fr\/index.php\/wp-json\/wp\/v2\/pages"}],"about":[{"href":"http:\/\/multiaccueil-lespetitsdauphins.fr\/index.php\/wp-json\/wp\/v2\/types\/page"}],"author":[{"embeddable":true,"href":"http:\/\/multiaccueil-lespetitsdauphins.fr\/index.php\/wp-json\/wp\/v2\/users\/1"}],"replies":[{"embeddable":true,"href":"http:\/\/multiaccueil-lespetitsdauphins.fr\/index.php\/wp-json\/wp\/v2\/comments?post=94"}],"version-history":[{"count":12,"href":"http:\/\/multiaccueil-lespetitsdauphins.fr\/index.php\/wp-json\/wp\/v2\/pages\/94\/revisions"}],"predecessor-version":[{"id":348,"href":"http:\/\/multiaccueil-lespetitsdauphins.fr\/index.php\/wp-json\/wp\/v2\/pages\/94\/revisions\/348"}],"wp:attachment":[{"href":"http:\/\/multiaccueil-lespetitsdauphins.fr\/index.php\/wp-json\/wp\/v2\/media?parent=94"}],"curies":[{"name":"wp","href":"https:\/\/api.w.org\/{rel}","templated":true}]}}